{"id":1346,"date":"2018-08-20T20:27:23","date_gmt":"2018-08-20T18:27:23","guid":{"rendered":"https:\/\/zoomfoto.dk\/wordpress\/?page_id=1346"},"modified":"2020-06-13T16:58:09","modified_gmt":"2020-06-13T14:58:09","slug":"betingelser-og-vilkaar-samt-persondatapolitik","status":"publish","type":"page","link":"https:\/\/zoomfoto.dk\/wordpress\/index.php\/betingelser-og-vilkaar-samt-persondatapolitik\/","title":{"rendered":"Betingelser og Vilk\u00e5r samt Persondatapolitik"},"content":{"rendered":"<h2 class=\"p1\">Betingelser og vilk\u00e5r<\/h2>\n<p class=\"p1\">Alle vare i webshoppen er designet af Zoomfoto ApS og m\u00e5 om ingen omst\u00e6ndigheder kopieres, eller videre distribueres uden accept fra Zoomfoto ApS. Alt grafisk materiale, skitser, foto og video tilh\u00f8rer Zoomfoto ApS og m\u00e5 om ingen omst\u00e6ndigheder kopiers, deles, og dermed bruges andre steder til marketingsform\u00e5l mv.<\/p>\n<p class=\"p1\">Bestiller du en designopgave i forbindelse med 3D-Print, CNC, CAD, Drone, Foto og Video fremsendes dokument til accept inden arbejdet p\u00e5begyndes. I nogle tilf\u00e6lde skal der betales 50% forud for opgaven, alt afh\u00e6ngig af omfang i forhold til planl\u00e6gning og opl\u00e6g.<\/p>\n<p class=\"p1\">Zoomfoto ApS er godkendt af Bygge- bolig og Trafikstyrelsen som droneoperat\u00f8r med dispensation 1A og 1B ift. flyvning med Droner i t\u00e6tbebyggede omr\u00e5der.<\/p>\n<h4 class=\"p1\">Betaling<\/h4>\n<p class=\"p1\">Du kan i forbindelse med webshoppen betale med bankoverf\u00f8rsel eller MobilePay i forbindelse med afgivelse af din bestilling.<\/p>\n<h4 class=\"p1\">Fragt<\/h4>\n<p class=\"p1\">3D-online &#8211; 3Dprint on demand sendes senest 5 dage efter ordre &#8211; oftest med 1-2 dage for lagervare. Varen sendes med (B-post). Postnords levering kan svinge fra alt mellem 4-10 dage afh. tid p\u00e5 ugen for afsendelse, samt miks med helligdage.<\/p>\n<h4 class=\"p1\">Fragtpriser<\/h4>\n<p class=\"p1\">Fragtprisen ses i indk\u00f8bskurven ifm. afgivelse af bestilling.<br \/>\nFri fragt ved bestillinger over 100,-<\/p>\n<p class=\"p1\">Der kan ved internet kampagner udstedes xx-rabatkoder som kan udl\u00f8se fri fragt.<\/p>\n<h4 class=\"p1\">Returret<\/h4>\n<p class=\"p1\">Vare k\u00f8bt p\u00e5 Zoomfoto.dk<span class=\"Apple-converted-space\">\u00a0 <\/span>skal returneres indenfor 14 dage i ubrudt emballage.<br \/>\nHvis du har nogen sp\u00f8rgsm\u00e5l, s\u00e5 send venligst en mail p\u00e5 info@zoomfoto.dk<\/p>\n<h2 class=\"p1\">Persondatapolitik<\/h2>\n<h4 class=\"p1\">Oplysninger<\/h4>\n<p class=\"p1\">For at du kan indg\u00e5 en aftale med os, har vi brug for f\u00f8lgende oplysninger:\u00a0Navn,\u00a0Adresse,\u00a0Telefonnummer,\u00a0E-mail adresse. Vi foretager registreringen af dine personoplysninger med det form\u00e5l at kunne levere varen til dig. Du accepterer ved afgivelse af ovenn\u00e6vnte oplysninger at vi kan kontakte dig pr. Mail eller SMS med informationer om din ordre.\u00a0N\u00e5r der indsamles personoplysninger via vores website, Sikre vi, at det altid sker ved afgivelse af dit udtrykkelige samtykke, s\u00e5ledes at du er informeret om, pr\u00e6cis hvilke oplysninger der indsamles og hvorfor.\u00a0Alle data behandles iht. Persondataloven.<\/p>\n<h4 class=\"p1\">Opbevaring<\/h4>\n<p class=\"p1\">Personoplysningerne registreres hos Zoomfoto ApS og opbevares i 5 \u00e5r, regnet fra udgangen af det p\u00e5g\u00e6ldende regnskabs\u00e5r hvor handlen er gennemf\u00f8rt, hvorefter oplysningerne slettes.\u00a0Oplysningerne gemmes iht. Bogf\u00f8ringslovens \u00a7 10.\u00a0Oplysningerne opbevares sikkert og fortroligt p\u00e5 computer med begr\u00e6nset adgang i kontrollerede faciliteter. Sikkerhedskontrollen revideres l\u00f8bende for\u00a0 altid at kunne h\u00e5ndtere brugeroplysninger forsvarligt og iht dine rettigheder som bruger. Zoomfoto.dk, 3D-onone.dk er SSL beskyttet i datatransmissionen, for at opn\u00e5r bedst mulig sikkerhed under transmission af data. Der kan v\u00e6re risiko for at andre uberettiget tiltvinger sig adgang til oplysninger, n\u00e5r data sendes og opbevares elektronisk \u2013 hvorfor du derfor afgiver dine personlige oplysninger p\u00e5 eget ansvar.\u00a0Den hurtige udvikling af internettet betyder, at \u00e6ndringer i vores h\u00e5ndtering af persondataoplysninger kan blive n\u00f8dvendige, hvorfor vi forbeholder os ret til at opdatere\/\u00e6ndre n\u00e6rv\u00e6rende retningslinier for h\u00e5ndtering af person-oplysninger. Bliver dette aktuelt rettes datoen for \u201dsidst opdateret\u201d nederst p\u00e5 siden. Ved omfattende \u00e6ndringer gives synlig besked herom p\u00e5 hjemmesiden.<\/p>\n<h4 class=\"p1\">Hvem har adgang til kundedata.<\/h4>\n<p class=\"p1\">Direkt\u00f8ren for Zoomfoto ApS har adgang til de oplysninger, der registreres om dig.\u00a0Den dataansvarlige p\u00e5 www.zoomfoto.dk er Carsten Poulsen, Stifter og ejer.<\/p>\n<h4 class=\"p1\">Tredjemand<\/h4>\n<p class=\"p1\">Oplysninger afgivet til Zoomfoto.dk videregives eller s\u00e6lges p\u00e5 ingen m\u00e5de til tredjemand, med mindre dette sker i forbindelse med en omstrukturering eller et helt eller delvist salg af virksomheden. Eventuelt videregivelse i en s\u00e5dan situation vil ske i overensstemmelse med den til enhver tid g\u00e6ldende persondatalovgivning p\u00e5 omr\u00e5det.\u00a0Vi registrerer ingen personf\u00f8lsomme oplysninger.<\/p>\n<h4 class=\"p1\">Indsigelse &amp; indsigt<\/h4>\n<p class=\"p1\">Som registreret hos Zoomfoto ApS har du altid ret til at g\u00f8re indsigelse mod registreringerne. Tillige har du ret til indsigt i, hvilke oplysninger, der er registreret om\/p\u00e5 dig. S\u00e5fremt data er urigtige eller vildledende, har du ret til at kr\u00e6ve disse berigtiget, slettet eller blokeret. Disse rettigheder har du iflg. Persondataloven. Henvendelse i forbindelse hermed skal rettes til Zoomfoto ApS via e-mail info@zoomfoto.dk<\/p>\n<h4 class=\"p1\">Klage<\/h4>\n<p class=\"p1\">Hvis du vil klage over dit k\u00f8b, skal du rette henvendelse til info@zoomfoto.dk.\u00a0Du har mulighed for at klage over behandlingen af oplysninger og data vedr. Dig. Klagen indgives til Datatilsynet, jf. Persondatalovens $58, stk.1.<\/p>\n<h4 class=\"p1\">Tvist<\/h4>\n<p class=\"p1\">Enhver tvist mellem forretningen og kunden afg\u00f8res under dansk lovgivning.<\/p>\n<h4 class=\"p1\">ODR<\/h4>\n<p class=\"p1\">Pr. 15. februar 2016 f\u00e5r europ\u00e6iske virksomheder give forbrugere en ny digital platform ODR. ODR skal g\u00f8re forbrugerklager over vare- og serviceydelser inden for EU lettere at h\u00e5ndtere.\u00a0ODR st\u00e5 for Online Dispute Resolution (online-klagel\u00f8sning).\u00a0For forbrugerne betyder dette, at de kan klage direkte til den europ\u00e6iske virksomhed hvor der er handlet.\u00a0Form\u00e5let med ODR platformen er at binde en masse klageinstanser sammen. Forbruger og virksomhed kan v\u00e6re i direkte kontakt med hinanden.\u00a0Eksempelvis kan en dansk forbruger skrive sin klage p\u00e5 dansk direkte til feks.en italiensk virksomhed der er handlet med. Klagen maskinovers\u00e6ttes af EU\u2019s egen overs\u00e6ttelsessoftware til italiensk og virksomheden modtager s\u00e5ledes klagen p\u00e5 deres modersm\u00e5l.<\/p>\n<h4 class=\"p1\">EU\u2019s OnlineDisputeResolution:<\/h4>\n<p class=\"p1\">Er der noget galt med din ordre, modtagne vare, eller lever det ikke op til dine forventninger, venligst kontakt os s\u00e5 vi sammen finder en tilfredsstillende l\u00f8sning.\u00a0I henhold til loven skal vi henvise til flg. link \u2013 hvis ikke du \u00f8nsker at tale med os f\u00f8rst;\u00a0http:\/\/ec.europa.eu\/consumers\/odr\/<\/p>\n","protected":false},"excerpt":{"rendered":"<p>Betingelser og vilk\u00e5r Alle vare i webshoppen er designet af Zoomfoto ApS og m\u00e5 om ingen omst\u00e6ndigheder kopieres, eller videre distribueres uden accept fra Zoomfoto ApS. Alt grafisk materiale, skitser,&#8230;<\/p>\n","protected":false},"author":1,"featured_media":0,"parent":0,"menu_order":0,"comment_status":"closed","ping_status":"closed","template":"","meta":{"footnotes":""},"yoast_head":"<!-- This site is optimized with the Yoast SEO plugin v21.6 - https:\/\/yoast.com\/wordpress\/plugins\/seo\/ -->\n<title>Betingelser og Vilk\u00e5r samt Persondatapolitik - Zoomfoto<\/title>\n<meta name=\"robots\" content=\"index, follow, max-snippet:-1, max-image-preview:large, max-video-preview:-1\" \/>\n<link rel=\"canonical\" href=\"https:\/\/zoomfoto.dk\/wordpress\/index.php\/betingelser-og-vilkaar-samt-persondatapolitik\/\" \/>\n<meta property=\"og:locale\" content=\"da_DK\" \/>\n<meta property=\"og:type\" content=\"article\" \/>\n<meta property=\"og:title\" content=\"Betingelser og Vilk\u00e5r samt Persondatapolitik - Zoomfoto\" \/>\n<meta property=\"og:description\" content=\"Betingelser og vilk\u00e5r Alle vare i webshoppen er designet af Zoomfoto ApS og m\u00e5 om ingen omst\u00e6ndigheder kopieres, eller videre distribueres uden accept fra Zoomfoto ApS. Alt grafisk materiale, skitser,...\" \/>\n<meta property=\"og:url\" content=\"https:\/\/zoomfoto.dk\/wordpress\/index.php\/betingelser-og-vilkaar-samt-persondatapolitik\/\" \/>\n<meta property=\"og:site_name\" content=\"Zoomfoto\" \/>\n<meta property=\"article:publisher\" content=\"https:\/\/www.facebook.com\/carsten.poulsen.3\" \/>\n<meta property=\"article:modified_time\" content=\"2020-06-13T14:58:09+00:00\" \/>\n<meta property=\"og:image\" content=\"https:\/\/zoomfoto.dk\/wordpress\/wp-content\/uploads\/2018\/08\/ZoomfotoDK-logo-email.png\" \/>\n\t<meta property=\"og:image:width\" content=\"150\" \/>\n\t<meta property=\"og:image:height\" content=\"73\" \/>\n\t<meta property=\"og:image:type\" content=\"image\/png\" \/>\n<meta name=\"twitter:card\" content=\"summary_large_image\" \/>\n<meta name=\"twitter:label1\" content=\"Estimeret l\u00e6setid\" \/>\n\t<meta name=\"twitter:data1\" content=\"5 minutter\" \/>\n<script type=\"application\/ld+json\" class=\"yoast-schema-graph\">{\"@context\":\"https:\/\/schema.org\",\"@graph\":[{\"@type\":\"WebPage\",\"@id\":\"https:\/\/zoomfoto.dk\/wordpress\/index.php\/betingelser-og-vilkaar-samt-persondatapolitik\/\",\"url\":\"https:\/\/zoomfoto.dk\/wordpress\/index.php\/betingelser-og-vilkaar-samt-persondatapolitik\/\",\"name\":\"Betingelser og Vilk\u00e5r samt Persondatapolitik - Zoomfoto\",\"isPartOf\":{\"@id\":\"https:\/\/zoomfoto.dk\/wordpress\/#website\"},\"datePublished\":\"2018-08-20T18:27:23+00:00\",\"dateModified\":\"2020-06-13T14:58:09+00:00\",\"breadcrumb\":{\"@id\":\"https:\/\/zoomfoto.dk\/wordpress\/index.php\/betingelser-og-vilkaar-samt-persondatapolitik\/#breadcrumb\"},\"inLanguage\":\"da-DK\",\"potentialAction\":[{\"@type\":\"ReadAction\",\"target\":[\"https:\/\/zoomfoto.dk\/wordpress\/index.php\/betingelser-og-vilkaar-samt-persondatapolitik\/\"]}]},{\"@type\":\"BreadcrumbList\",\"@id\":\"https:\/\/zoomfoto.dk\/wordpress\/index.php\/betingelser-og-vilkaar-samt-persondatapolitik\/#breadcrumb\",\"itemListElement\":[{\"@type\":\"ListItem\",\"position\":1,\"name\":\"Hjem\",\"item\":\"https:\/\/zoomfoto.dk\/wordpress\/\"},{\"@type\":\"ListItem\",\"position\":2,\"name\":\"Betingelser og Vilk\u00e5r samt Persondatapolitik\"}]},{\"@type\":\"WebSite\",\"@id\":\"https:\/\/zoomfoto.dk\/wordpress\/#website\",\"url\":\"https:\/\/zoomfoto.dk\/wordpress\/\",\"name\":\"Zoomfoto\",\"description\":\"Zoomfoto - Foto og video, Droneopgaver, 3D-print og CNC\",\"potentialAction\":[{\"@type\":\"SearchAction\",\"target\":{\"@type\":\"EntryPoint\",\"urlTemplate\":\"https:\/\/zoomfoto.dk\/wordpress\/?s={search_term_string}\"},\"query-input\":\"required name=search_term_string\"}],\"inLanguage\":\"da-DK\"}]}<\/script>\n<!-- \/ Yoast SEO plugin. -->","yoast_head_json":{"title":"Betingelser og Vilk\u00e5r samt Persondatapolitik - Zoomfoto","robots":{"index":"index","follow":"follow","max-snippet":"max-snippet:-1","max-image-preview":"max-image-preview:large","max-video-preview":"max-video-preview:-1"},"canonical":"https:\/\/zoomfoto.dk\/wordpress\/index.php\/betingelser-og-vilkaar-samt-persondatapolitik\/","og_locale":"da_DK","og_type":"article","og_title":"Betingelser og Vilk\u00e5r samt Persondatapolitik - Zoomfoto","og_description":"Betingelser og vilk\u00e5r Alle vare i webshoppen er designet af Zoomfoto ApS og m\u00e5 om ingen omst\u00e6ndigheder kopieres, eller videre distribueres uden accept fra Zoomfoto ApS. Alt grafisk materiale, skitser,...","og_url":"https:\/\/zoomfoto.dk\/wordpress\/index.php\/betingelser-og-vilkaar-samt-persondatapolitik\/","og_site_name":"Zoomfoto","article_publisher":"https:\/\/www.facebook.com\/carsten.poulsen.3","article_modified_time":"2020-06-13T14:58:09+00:00","og_image":[{"width":150,"height":73,"url":"https:\/\/zoomfoto.dk\/wordpress\/wp-content\/uploads\/2018\/08\/ZoomfotoDK-logo-email.png","type":"image\/png"}],"twitter_card":"summary_large_image","twitter_misc":{"Estimeret l\u00e6setid":"5 minutter"},"schema":{"@context":"https:\/\/schema.org","@graph":[{"@type":"WebPage","@id":"https:\/\/zoomfoto.dk\/wordpress\/index.php\/betingelser-og-vilkaar-samt-persondatapolitik\/","url":"https:\/\/zoomfoto.dk\/wordpress\/index.php\/betingelser-og-vilkaar-samt-persondatapolitik\/","name":"Betingelser og Vilk\u00e5r samt Persondatapolitik - Zoomfoto","isPartOf":{"@id":"https:\/\/zoomfoto.dk\/wordpress\/#website"},"datePublished":"2018-08-20T18:27:23+00:00","dateModified":"2020-06-13T14:58:09+00:00","breadcrumb":{"@id":"https:\/\/zoomfoto.dk\/wordpress\/index.php\/betingelser-og-vilkaar-samt-persondatapolitik\/#breadcrumb"},"inLanguage":"da-DK","potentialAction":[{"@type":"ReadAction","target":["https:\/\/zoomfoto.dk\/wordpress\/index.php\/betingelser-og-vilkaar-samt-persondatapolitik\/"]}]},{"@type":"BreadcrumbList","@id":"https:\/\/zoomfoto.dk\/wordpress\/index.php\/betingelser-og-vilkaar-samt-persondatapolitik\/#breadcrumb","itemListElement":[{"@type":"ListItem","position":1,"name":"Hjem","item":"https:\/\/zoomfoto.dk\/wordpress\/"},{"@type":"ListItem","position":2,"name":"Betingelser og Vilk\u00e5r samt Persondatapolitik"}]},{"@type":"WebSite","@id":"https:\/\/zoomfoto.dk\/wordpress\/#website","url":"https:\/\/zoomfoto.dk\/wordpress\/","name":"Zoomfoto","description":"Zoomfoto - Foto og video, Droneopgaver, 3D-print og CNC","potentialAction":[{"@type":"SearchAction","target":{"@type":"EntryPoint","urlTemplate":"https:\/\/zoomfoto.dk\/wordpress\/?s={search_term_string}"},"query-input":"required name=search_term_string"}],"inLanguage":"da-DK"}]}},"_links":{"self":[{"href":"https:\/\/zoomfoto.dk\/wordpress\/index.php\/wp-json\/wp\/v2\/pages\/1346"}],"collection":[{"href":"https:\/\/zoomfoto.dk\/wordpress\/index.php\/wp-json\/wp\/v2\/pages"}],"about":[{"href":"https:\/\/zoomfoto.dk\/wordpress\/index.php\/wp-json\/wp\/v2\/types\/page"}],"author":[{"embeddable":true,"href":"https:\/\/zoomfoto.dk\/wordpress\/index.php\/wp-json\/wp\/v2\/users\/1"}],"replies":[{"embeddable":true,"href":"https:\/\/zoomfoto.dk\/wordpress\/index.php\/wp-json\/wp\/v2\/comments?post=1346"}],"version-history":[{"count":3,"href":"https:\/\/zoomfoto.dk\/wordpress\/index.php\/wp-json\/wp\/v2\/pages\/1346\/revisions"}],"predecessor-version":[{"id":8921,"href":"https:\/\/zoomfoto.dk\/wordpress\/index.php\/wp-json\/wp\/v2\/pages\/1346\/revisions\/8921"}],"wp:attachment":[{"href":"https:\/\/zoomfoto.dk\/wordpress\/index.php\/wp-json\/wp\/v2\/media?parent=1346"}],"curies":[{"name":"wp","href":"https:\/\/api.w.org\/{rel}","templated":true}]}}