{"id":26,"date":"2013-03-23T13:06:18","date_gmt":"2013-03-23T13:06:18","guid":{"rendered":"http:\/\/themenectar.com\/demo\/salient\/?page_id=26"},"modified":"2018-09-02T22:08:26","modified_gmt":"2018-09-02T20:08:26","slug":"contact","status":"publish","type":"page","link":"https:\/\/zoomfoto.dk\/wordpress\/index.php\/contact\/","title":{"rendered":"Contact"},"content":{"rendered":"[vc_row][vc_column width=&#8221;2\/3&#8243;][vc_column_text]\n<p><strong>Udfyld nedenst\u00e5ende formular (vi bestr\u00e6ber os p\u00e5 at svare dig inden for 24 timer)<\/strong><\/p>\n[\/vc_column_text]\n<div class=\"wpcf7 no-js\" id=\"wpcf7-f1029-o1\" lang=\"da-DK\" dir=\"ltr\">\n<div class=\"screen-reader-response\"><p role=\"status\" aria-live=\"polite\" aria-atomic=\"true\"><\/p> <ul><\/ul><\/div>\n<form action=\"\/wordpress\/index.php\/wp-json\/wp\/v2\/pages\/26#wpcf7-f1029-o1\" method=\"post\" class=\"wpcf7-form init\" aria-label=\"Kontaktformular\" novalidate=\"novalidate\" data-status=\"init\">\n<div style=\"display: none;\">\n<input type=\"hidden\" name=\"_wpcf7\" value=\"1029\" \/>\n<input type=\"hidden\" name=\"_wpcf7_version\" value=\"5.8.3\" \/>\n<input type=\"hidden\" name=\"_wpcf7_locale\" value=\"da_DK\" \/>\n<input type=\"hidden\" name=\"_wpcf7_unit_tag\" value=\"wpcf7-f1029-o1\" \/>\n<input type=\"hidden\" name=\"_wpcf7_container_post\" value=\"0\" \/>\n<input type=\"hidden\" name=\"_wpcf7_posted_data_hash\" value=\"\" \/>\n<input type=\"hidden\" name=\"_wpcf7_recaptcha_response\" value=\"\" \/>\n<\/div>\n<p>Dit navn (skal udfyldes)\n<\/p>\n<p><span class=\"wpcf7-form-control-wrap\" data-name=\"your-name\"><input size=\"40\" class=\"wpcf7-form-control wpcf7-text wpcf7-validates-as-required\" aria-required=\"true\" aria-invalid=\"false\" value=\"\" type=\"text\" name=\"your-name\" \/><\/span>\n<\/p>\n<p>Din e-mail (skal udfyldes)\n<\/p>\n<p><span class=\"wpcf7-form-control-wrap\" data-name=\"your-email\"><input size=\"40\" class=\"wpcf7-form-control wpcf7-email wpcf7-validates-as-required wpcf7-text wpcf7-validates-as-email\" aria-required=\"true\" aria-invalid=\"false\" value=\"\" type=\"email\" name=\"your-email\" \/><\/span>\n<\/p>\n<p>Emne\n<\/p>\n<p><span class=\"wpcf7-form-control-wrap\" data-name=\"your-subject\"><input size=\"40\" class=\"wpcf7-form-control wpcf7-text\" aria-invalid=\"false\" value=\"\" type=\"text\" name=\"your-subject\" \/><\/span>\n<\/p>\n<p>Din besked\n<\/p>\n<p><span class=\"wpcf7-form-control-wrap\" data-name=\"your-message\"><textarea cols=\"40\" rows=\"10\" class=\"wpcf7-form-control wpcf7-textarea\" aria-invalid=\"false\" name=\"your-message\"><\/textarea><\/span>\n<\/p>\n\n<p><input class=\"wpcf7-form-control wpcf7-submit has-spinner\" type=\"submit\" value=\"Send\" \/>\n<\/p><div class=\"wpcf7-response-output\" aria-hidden=\"true\"><\/div>\n<\/form>\n<\/div>\n[\/vc_column][vc_column width=&#8221;1\/3&#8243;][vc_column_text]\n<h2>T\u00f8v ikke med at kontakte os!<\/h2>\n<p>Har du behov for at h\u00f8re n\u00e6rmere omkring en opgave-ide, priss\u00e6tning eller specielle \u00f8nsker til et kundetilpasset projekt &#8211; s\u00e5 t\u00f8v ikke med at kontakte os.<\/p>\n<p>Beskriv kort hvad du \u00f8nsker &#8211; s\u00e5 vender vi hurtigt tilbage til dig.<\/p>\n<p>Alt information behandles fortroligt.<\/p>\n<h2><\/h2>\n[\/vc_column_text][vc_gallery type=&#8221;image_grid&#8221; images=&#8221;1419,1078,1084&#8243; img_size=&#8221;800&#215;800&#8243;][vc_column_text]\n[\/vc_column_text][vc_column_text]\n[\/vc_column_text][\/vc_column][\/vc_row]\n","protected":false},"excerpt":{"rendered":"<p>[vc_row][vc_column width=&#8221;2\/3&#8243;][vc_column_text] Udfyld nedenst\u00e5ende formular (vi bestr\u00e6ber os p\u00e5 at svare dig inden for 24 timer) [\/vc_column_text][\/vc_column][vc_column width=&#8221;1\/3&#8243;][vc_column_text] T\u00f8v ikke med at kontakte os! Har du behov for at h\u00f8re&#8230;<\/p>\n","protected":false},"author":1,"featured_media":0,"parent":0,"menu_order":0,"comment_status":"open","ping_status":"open","template":"template-contact.php","meta":{"footnotes":""},"yoast_head":"<!-- This site is optimized with the Yoast SEO plugin v21.6 - https:\/\/yoast.com\/wordpress\/plugins\/seo\/ -->\n<title>Contact - Zoomfoto<\/title>\n<meta name=\"robots\" content=\"index, follow, max-snippet:-1, max-image-preview:large, max-video-preview:-1\" \/>\n<link rel=\"canonical\" href=\"https:\/\/zoomfoto.dk\/wordpress\/index.php\/contact\/\" \/>\n<meta property=\"og:locale\" content=\"da_DK\" \/>\n<meta property=\"og:type\" content=\"article\" \/>\n<meta property=\"og:title\" content=\"Contact - Zoomfoto\" \/>\n<meta property=\"og:description\" content=\"[vc_row][vc_column width=&#8221;2\/3&#8243;][vc_column_text] Udfyld nedenst\u00e5ende formular (vi bestr\u00e6ber os p\u00e5 at svare dig inden for 24 timer) [\/vc_column_text][\/vc_column][vc_column width=&#8221;1\/3&#8243;][vc_column_text] T\u00f8v ikke med at kontakte os! Har du behov for at h\u00f8re...\" \/>\n<meta property=\"og:url\" content=\"https:\/\/zoomfoto.dk\/wordpress\/index.php\/contact\/\" \/>\n<meta property=\"og:site_name\" content=\"Zoomfoto\" \/>\n<meta property=\"article:publisher\" content=\"https:\/\/www.facebook.com\/carsten.poulsen.3\" \/>\n<meta property=\"article:modified_time\" content=\"2018-09-02T20:08:26+00:00\" \/>\n<meta property=\"og:image\" content=\"https:\/\/zoomfoto.dk\/wordpress\/wp-content\/uploads\/2018\/08\/ZoomfotoDK-logo-email.png\" \/>\n\t<meta property=\"og:image:width\" content=\"150\" \/>\n\t<meta property=\"og:image:height\" content=\"73\" \/>\n\t<meta property=\"og:image:type\" content=\"image\/png\" \/>\n<meta name=\"twitter:card\" content=\"summary_large_image\" \/>\n<meta name=\"twitter:label1\" content=\"Estimeret l\u00e6setid\" \/>\n\t<meta name=\"twitter:data1\" content=\"1 minut\" \/>\n<script type=\"application\/ld+json\" class=\"yoast-schema-graph\">{\"@context\":\"https:\/\/schema.org\",\"@graph\":[{\"@type\":\"WebPage\",\"@id\":\"https:\/\/zoomfoto.dk\/wordpress\/index.php\/contact\/\",\"url\":\"https:\/\/zoomfoto.dk\/wordpress\/index.php\/contact\/\",\"name\":\"Contact - Zoomfoto\",\"isPartOf\":{\"@id\":\"https:\/\/zoomfoto.dk\/wordpress\/#website\"},\"datePublished\":\"2013-03-23T13:06:18+00:00\",\"dateModified\":\"2018-09-02T20:08:26+00:00\",\"breadcrumb\":{\"@id\":\"https:\/\/zoomfoto.dk\/wordpress\/index.php\/contact\/#breadcrumb\"},\"inLanguage\":\"da-DK\",\"potentialAction\":[{\"@type\":\"ReadAction\",\"target\":[\"https:\/\/zoomfoto.dk\/wordpress\/index.php\/contact\/\"]}]},{\"@type\":\"BreadcrumbList\",\"@id\":\"https:\/\/zoomfoto.dk\/wordpress\/index.php\/contact\/#breadcrumb\",\"itemListElement\":[{\"@type\":\"ListItem\",\"position\":1,\"name\":\"Hjem\",\"item\":\"https:\/\/zoomfoto.dk\/wordpress\/\"},{\"@type\":\"ListItem\",\"position\":2,\"name\":\"Contact\"}]},{\"@type\":\"WebSite\",\"@id\":\"https:\/\/zoomfoto.dk\/wordpress\/#website\",\"url\":\"https:\/\/zoomfoto.dk\/wordpress\/\",\"name\":\"Zoomfoto\",\"description\":\"Zoomfoto - Foto og video, Droneopgaver, 3D-print og CNC\",\"potentialAction\":[{\"@type\":\"SearchAction\",\"target\":{\"@type\":\"EntryPoint\",\"urlTemplate\":\"https:\/\/zoomfoto.dk\/wordpress\/?s={search_term_string}\"},\"query-input\":\"required name=search_term_string\"}],\"inLanguage\":\"da-DK\"}]}<\/script>\n<!-- \/ Yoast SEO plugin. -->","yoast_head_json":{"title":"Contact - Zoomfoto","robots":{"index":"index","follow":"follow","max-snippet":"max-snippet:-1","max-image-preview":"max-image-preview:large","max-video-preview":"max-video-preview:-1"},"canonical":"https:\/\/zoomfoto.dk\/wordpress\/index.php\/contact\/","og_locale":"da_DK","og_type":"article","og_title":"Contact - Zoomfoto","og_description":"[vc_row][vc_column width=&#8221;2\/3&#8243;][vc_column_text] Udfyld nedenst\u00e5ende formular (vi bestr\u00e6ber os p\u00e5 at svare dig inden for 24 timer) [\/vc_column_text][\/vc_column][vc_column width=&#8221;1\/3&#8243;][vc_column_text] T\u00f8v ikke med at kontakte os! Har du behov for at h\u00f8re...","og_url":"https:\/\/zoomfoto.dk\/wordpress\/index.php\/contact\/","og_site_name":"Zoomfoto","article_publisher":"https:\/\/www.facebook.com\/carsten.poulsen.3","article_modified_time":"2018-09-02T20:08:26+00:00","og_image":[{"width":150,"height":73,"url":"https:\/\/zoomfoto.dk\/wordpress\/wp-content\/uploads\/2018\/08\/ZoomfotoDK-logo-email.png","type":"image\/png"}],"twitter_card":"summary_large_image","twitter_misc":{"Estimeret l\u00e6setid":"1 minut"},"schema":{"@context":"https:\/\/schema.org","@graph":[{"@type":"WebPage","@id":"https:\/\/zoomfoto.dk\/wordpress\/index.php\/contact\/","url":"https:\/\/zoomfoto.dk\/wordpress\/index.php\/contact\/","name":"Contact - Zoomfoto","isPartOf":{"@id":"https:\/\/zoomfoto.dk\/wordpress\/#website"},"datePublished":"2013-03-23T13:06:18+00:00","dateModified":"2018-09-02T20:08:26+00:00","breadcrumb":{"@id":"https:\/\/zoomfoto.dk\/wordpress\/index.php\/contact\/#breadcrumb"},"inLanguage":"da-DK","potentialAction":[{"@type":"ReadAction","target":["https:\/\/zoomfoto.dk\/wordpress\/index.php\/contact\/"]}]},{"@type":"BreadcrumbList","@id":"https:\/\/zoomfoto.dk\/wordpress\/index.php\/contact\/#breadcrumb","itemListElement":[{"@type":"ListItem","position":1,"name":"Hjem","item":"https:\/\/zoomfoto.dk\/wordpress\/"},{"@type":"ListItem","position":2,"name":"Contact"}]},{"@type":"WebSite","@id":"https:\/\/zoomfoto.dk\/wordpress\/#website","url":"https:\/\/zoomfoto.dk\/wordpress\/","name":"Zoomfoto","description":"Zoomfoto - Foto og video, Droneopgaver, 3D-print og CNC","potentialAction":[{"@type":"SearchAction","target":{"@type":"EntryPoint","urlTemplate":"https:\/\/zoomfoto.dk\/wordpress\/?s={search_term_string}"},"query-input":"required name=search_term_string"}],"inLanguage":"da-DK"}]}},"_links":{"self":[{"href":"https:\/\/zoomfoto.dk\/wordpress\/index.php\/wp-json\/wp\/v2\/pages\/26"}],"collection":[{"href":"https:\/\/zoomfoto.dk\/wordpress\/index.php\/wp-json\/wp\/v2\/pages"}],"about":[{"href":"https:\/\/zoomfoto.dk\/wordpress\/index.php\/wp-json\/wp\/v2\/types\/page"}],"author":[{"embeddable":true,"href":"https:\/\/zoomfoto.dk\/wordpress\/index.php\/wp-json\/wp\/v2\/users\/1"}],"replies":[{"embeddable":true,"href":"https:\/\/zoomfoto.dk\/wordpress\/index.php\/wp-json\/wp\/v2\/comments?post=26"}],"version-history":[{"count":20,"href":"https:\/\/zoomfoto.dk\/wordpress\/index.php\/wp-json\/wp\/v2\/pages\/26\/revisions"}],"predecessor-version":[{"id":1421,"href":"https:\/\/zoomfoto.dk\/wordpress\/index.php\/wp-json\/wp\/v2\/pages\/26\/revisions\/1421"}],"wp:attachment":[{"href":"https:\/\/zoomfoto.dk\/wordpress\/index.php\/wp-json\/wp\/v2\/media?parent=26"}],"curies":[{"name":"wp","href":"https:\/\/api.w.org\/{rel}","templated":true}]}}