{"id":554,"date":"2013-06-26T22:57:11","date_gmt":"2013-06-26T22:57:11","guid":{"rendered":"http:\/\/localhost\/wordpress-3-5\/?page_id=554"},"modified":"2020-08-22T12:25:49","modified_gmt":"2020-08-22T10:25:49","slug":"home-basic","status":"publish","type":"page","link":"https:\/\/zoomfoto.dk\/wordpress\/","title":{"rendered":"Home &#8211; Basic"},"content":{"rendered":"[vc_row type=&#8221;in_container&#8221; full_screen_row_position=&#8221;middle&#8221; column_margin=&#8221;default&#8221; column_direction=&#8221;default&#8221; column_direction_tablet=&#8221;default&#8221; column_direction_phone=&#8221;default&#8221; scene_position=&#8221;center&#8221; top_padding=&#8221;40&#8243; text_color=&#8221;dark&#8221; text_align=&#8221;left&#8221; row_border_radius=&#8221;none&#8221; row_border_radius_applies=&#8221;bg&#8221; overlay_strength=&#8221;0.3&#8243; gradient_direction=&#8221;left_to_right&#8221; shape_divider_position=&#8221;bottom&#8221; bg_image_animation=&#8221;none&#8221;][vc_column column_padding=&#8221;no-extra-padding&#8221; column_padding_tablet=&#8221;inherit&#8221; column_padding_phone=&#8221;inherit&#8221; column_padding_position=&#8221;all&#8221; centered_text=&#8221;true&#8221; background_color_opacity=&#8221;1&#8243; background_hover_color_opacity=&#8221;1&#8243; column_shadow=&#8221;none&#8221; column_border_radius=&#8221;none&#8221; column_link_target=&#8221;_self&#8221; gradient_direction=&#8221;left_to_right&#8221; overlay_strength=&#8221;0.3&#8243; width=&#8221;1\/4&#8243; tablet_width_inherit=&#8221;default&#8221; tablet_text_alignment=&#8221;default&#8221; phone_text_alignment=&#8221;default&#8221; column_border_width=&#8221;none&#8221; column_border_style=&#8221;solid&#8221; bg_image_animation=&#8221;none&#8221;][vc_column_text]<div class=\"nectar_icon_wrap\"><span class=\"svg-icon-holder\" data-size=\"\" data-animation-speed=\"200\" data-animation=\"true\" data-animation-delay=\"100\" data-color=\"accent-color\"><span><!-- Generator: Adobe Illustrator 16.0.0, SVG Export Plug-In . SVG Version: 6.00 Build 0)  -->\n<svg version=\"1.1\"  xmlns=\"http:\/\/www.w3.org\/2000\/svg\" xmlns:xlink=\"http:\/\/www.w3.org\/1999\/xlink\" x=\"0px\" y=\"0px\"\n\t width=\"64px\" height=\"64px\" viewBox=\"0 0 64 64\" enable-background=\"new 0 0 64 64\" xml:space=\"preserve\">\n<g>\n\t<polygon fill=\"none\" stroke=\"#000000\" stroke-width=\"2\" stroke-miterlimit=\"10\" points=\"46,20 38,10 26,10 18,20 1,20 1,52 63,52 \n\t\t63,20 \t\"\/>\n\t<circle fill=\"none\" stroke=\"#000000\" stroke-width=\"2\" stroke-miterlimit=\"10\" cx=\"32\" cy=\"36\" r=\"8\"\/>\n\t<line fill=\"none\" stroke=\"#000000\" stroke-width=\"2\" stroke-miterlimit=\"10\" x1=\"9\" y1=\"20\" x2=\"9\" y2=\"52\"\/>\n\t<line fill=\"none\" stroke=\"#000000\" stroke-width=\"2\" stroke-miterlimit=\"10\" x1=\"54\" y1=\"28\" x2=\"54\" y2=\"28\"\/>\n<\/g>\n<\/svg>\n<\/span><\/span><\/div>\n<h3>VORES YDELSER OMFATTER&#8230;<\/h3>\n<p><strong>Luftfotografering og videooptagelser med droner<\/strong><br \/>\n<strong>Produktfotografering i studie eller &#8220;on location&#8221;<\/strong><br \/>\n<strong>Videooptagelser af situationer og events<\/strong><br \/>\n<strong>Komplet redigering til f\u00e6rdigt resultat<\/strong><br \/>\n<strong>Konsulent ift. konstruktion af Droner og kamera gimbals<\/strong><br \/>\n<strong>Panoramafotos<\/strong><br \/>\n<strong>360 graders foto og video<\/strong><br \/>\n<strong>Timelapse video over kort som lang tid<\/strong><\/p>\n<p>&#8230;[\/vc_column_text][\/vc_column][vc_column column_padding=&#8221;no-extra-padding&#8221; column_padding_tablet=&#8221;inherit&#8221; column_padding_phone=&#8221;inherit&#8221; column_padding_position=&#8221;all&#8221; centered_text=&#8221;true&#8221; background_color_opacity=&#8221;1&#8243; background_hover_color_opacity=&#8221;1&#8243; column_shadow=&#8221;none&#8221; column_border_radius=&#8221;none&#8221; column_link_target=&#8221;_self&#8221; gradient_direction=&#8221;left_to_right&#8221; overlay_strength=&#8221;0.3&#8243; width=&#8221;1\/4&#8243; tablet_width_inherit=&#8221;default&#8221; tablet_text_alignment=&#8221;default&#8221; phone_text_alignment=&#8221;default&#8221; column_border_width=&#8221;none&#8221; column_border_style=&#8221;solid&#8221; bg_image_animation=&#8221;none&#8221;][vc_column_text]<div class=\"nectar_icon_wrap\"><span class=\"svg-icon-holder\" data-size=\"\" data-animation-speed=\"200\" data-animation=\"true\" data-animation-delay=\"100\" data-color=\"accent-color\"><span><!-- Generator: Adobe Illustrator 16.0.0, SVG Export Plug-In . SVG Version: 6.00 Build 0)  -->\n<svg version=\"1.1\"  xmlns=\"http:\/\/www.w3.org\/2000\/svg\" xmlns:xlink=\"http:\/\/www.w3.org\/1999\/xlink\" x=\"0px\" y=\"0px\"\n\t width=\"64px\" height=\"64px\" viewBox=\"0 0 64 64\" enable-background=\"new 0 0 64 64\" xml:space=\"preserve\">\n<circle fill=\"none\" stroke=\"#000000\" stroke-width=\"2\" stroke-miterlimit=\"10\" cx=\"51\" cy=\"13\" r=\"12\"\/>\n<circle fill=\"none\" stroke=\"#000000\" stroke-width=\"2\" stroke-miterlimit=\"10\" cx=\"11\" cy=\"42\" r=\"10\"\/>\n<circle fill=\"none\" stroke=\"#000000\" stroke-width=\"2\" stroke-miterlimit=\"10\" cx=\"48\" cy=\"55\" r=\"8\"\/>\n<line fill=\"none\" stroke=\"#000000\" stroke-width=\"2\" stroke-miterlimit=\"10\" x1=\"40\" y1=\"54\" x2=\"20\" y2=\"46\"\/>\n<line fill=\"none\" stroke=\"#000000\" stroke-width=\"2\" stroke-miterlimit=\"10\" x1=\"19\" y1=\"35\" x2=\"41\" y2=\"21\"\/>\n<\/svg>\n<\/span><\/span><\/div>\n<h3>VORES YDELSE D\u00c6KKER&#8230;<\/h3>\n<p><strong>Marketingsopgaver, Hjemmesider, Brochure, Interaktive medier, Reklamefilm, Byggeprojekter \/ Dokumentation, Video publicering til fx. YouTube eller Vimeo. MV.<\/strong><\/p>\n<p><strong>Salg af 3D-printede produkter til hus, have og hobby. Se MEGET mere i vores SHOP<\/strong>[\/vc_column_text][\/vc_column][vc_column column_padding=&#8221;no-extra-padding&#8221; column_padding_tablet=&#8221;inherit&#8221; column_padding_phone=&#8221;inherit&#8221; column_padding_position=&#8221;all&#8221; centered_text=&#8221;true&#8221; background_color_opacity=&#8221;1&#8243; background_hover_color_opacity=&#8221;1&#8243; column_shadow=&#8221;none&#8221; column_border_radius=&#8221;none&#8221; column_link_target=&#8221;_self&#8221; gradient_direction=&#8221;left_to_right&#8221; overlay_strength=&#8221;0.3&#8243; width=&#8221;1\/4&#8243; tablet_width_inherit=&#8221;default&#8221; tablet_text_alignment=&#8221;default&#8221; phone_text_alignment=&#8221;default&#8221; column_border_width=&#8221;none&#8221; column_border_style=&#8221;solid&#8221; bg_image_animation=&#8221;none&#8221;][vc_column_text]<div class=\"nectar_icon_wrap\"><span class=\"svg-icon-holder\" data-size=\"\" data-animation-speed=\"200\" data-animation=\"true\" data-animation-delay=\"100\" data-color=\"accent-color\"><span><!-- Generator: Adobe Illustrator 16.0.0, SVG Export Plug-In . SVG Version: 6.00 Build 0)  -->\n<svg version=\"1.1\"  xmlns=\"http:\/\/www.w3.org\/2000\/svg\" xmlns:xlink=\"http:\/\/www.w3.org\/1999\/xlink\" x=\"0px\" y=\"0px\"\n\t width=\"64px\" height=\"64px\" viewBox=\"0 0 64 64\" enable-background=\"new 0 0 64 64\" xml:space=\"preserve\">\n<circle fill=\"none\" stroke=\"#000000\" stroke-width=\"2\" stroke-miterlimit=\"10\" cx=\"51\" cy=\"13\" r=\"12\"\/>\n<circle fill=\"none\" stroke=\"#000000\" stroke-width=\"2\" stroke-miterlimit=\"10\" cx=\"11\" cy=\"42\" r=\"10\"\/>\n<circle fill=\"none\" stroke=\"#000000\" stroke-width=\"2\" stroke-miterlimit=\"10\" cx=\"48\" cy=\"55\" r=\"8\"\/>\n<line fill=\"none\" stroke=\"#000000\" stroke-width=\"2\" stroke-miterlimit=\"10\" x1=\"40\" y1=\"54\" x2=\"20\" y2=\"46\"\/>\n<line fill=\"none\" stroke=\"#000000\" stroke-width=\"2\" stroke-miterlimit=\"10\" x1=\"19\" y1=\"35\" x2=\"41\" y2=\"21\"\/>\n<\/svg>\n<\/span><\/span><\/div>\n<h3>DU ER M\u00c5SKE&#8230;<\/h3>\n<p><strong>Golfmanager, Ejendomsm\u00e6gler, Arkitekt, Landm\u00e5ler, Landmand, H\u00e5ndv\u00e6rker, Tagd\u00e6kker, Boligselskab, Fotograf, Reklamevirksomhed, TV-producer, Film producent, Offentlig virksomhed, virksomhedsejer eller privatperson.<\/strong>[\/vc_column_text][\/vc_column][vc_column column_padding=&#8221;no-extra-padding&#8221; column_padding_tablet=&#8221;inherit&#8221; column_padding_phone=&#8221;inherit&#8221; column_padding_position=&#8221;all&#8221; centered_text=&#8221;true&#8221; background_color_opacity=&#8221;1&#8243; background_hover_color_opacity=&#8221;1&#8243; column_shadow=&#8221;none&#8221; column_border_radius=&#8221;none&#8221; column_link_target=&#8221;_self&#8221; gradient_direction=&#8221;left_to_right&#8221; overlay_strength=&#8221;0.3&#8243; width=&#8221;1\/4&#8243; tablet_width_inherit=&#8221;default&#8221; tablet_text_alignment=&#8221;default&#8221; phone_text_alignment=&#8221;default&#8221; column_border_width=&#8221;none&#8221; column_border_style=&#8221;solid&#8221; bg_image_animation=&#8221;none&#8221;][vc_column_text]<div class=\"nectar_icon_wrap\"><span class=\"svg-icon-holder\" data-size=\"\" data-animation-speed=\"200\" data-animation=\"true\" data-animation-delay=\"100\" data-color=\"accent-color\"><span><!-- Generator: Adobe Illustrator 16.0.0, SVG Export Plug-In . SVG Version: 6.00 Build 0)  -->\n<svg version=\"1.0\"  xmlns=\"http:\/\/www.w3.org\/2000\/svg\" xmlns:xlink=\"http:\/\/www.w3.org\/1999\/xlink\" x=\"0px\" y=\"0px\" width=\"64px\" height=\"64px\" viewBox=\"0 0 64 64\" enable-background=\"new 0 0 64 64\" xml:space=\"preserve\"><g><polyline fill=\"none\" stroke=\"#000000\" stroke-width=\"2\" stroke-miterlimit=\"10\" points=\"29,6 46,6 63,27 32,58 1,27 18,6 32,6 32,58 \t\"\/>\n\t<polyline fill=\"none\" stroke=\"#000000\" stroke-width=\"2\" stroke-miterlimit=\"10\" points=\"32,57 18,27 24,6 \"\/>\n\t<polyline fill=\"none\" stroke=\"#000000\" stroke-width=\"2\" stroke-miterlimit=\"10\" points=\"32,57 46,27 40,6 \"\/>\n\t<line fill=\"none\" stroke=\"#000000\" stroke-width=\"2\" stroke-miterlimit=\"10\" x1=\"1\" y1=\"27\" x2=\"63\" y2=\"27\"\/>\n<\/g>\n<\/svg>\n<\/span><\/span><\/div>\n<h3>KVALITET ER DET PRIM\u00c6RE&#8230;<\/h3>\n<p><strong>Skal dit materiale bruges til marketing, analyse eller anden pr\u00e6sentation &#8211; s\u00e5 har du vores garanti for h\u00f8jeste kvalitet i arbejdet. Dette d\u00e6kker over et helhedsbillede fra Id\u00e9 til leverance.<\/strong><\/p>\n<p><strong>Zoomfoto har fokus p\u00e5 sikkerhed, og er bla. godkendt af Trafikstyrelsen.<\/strong><\/p>\n[\/vc_column_text][\/vc_column][\/vc_row]\n","protected":false},"excerpt":{"rendered":"<p>[vc_row type=&#8221;in_container&#8221; full_screen_row_position=&#8221;middle&#8221; column_margin=&#8221;default&#8221; column_direction=&#8221;default&#8221; column_direction_tablet=&#8221;default&#8221; column_direction_phone=&#8221;default&#8221; scene_position=&#8221;center&#8221; top_padding=&#8221;40&#8243; text_color=&#8221;dark&#8221; text_align=&#8221;left&#8221; row_border_radius=&#8221;none&#8221; row_border_radius_applies=&#8221;bg&#8221; overlay_strength=&#8221;0.3&#8243; gradient_direction=&#8221;left_to_right&#8221; shape_divider_position=&#8221;bottom&#8221; bg_image_animation=&#8221;none&#8221;][vc_column column_padding=&#8221;no-extra-padding&#8221; column_padding_tablet=&#8221;inherit&#8221; column_padding_phone=&#8221;inherit&#8221; column_padding_position=&#8221;all&#8221; centered_text=&#8221;true&#8221; background_color_opacity=&#8221;1&#8243; background_hover_color_opacity=&#8221;1&#8243; column_shadow=&#8221;none&#8221; column_border_radius=&#8221;none&#8221; column_link_target=&#8221;_self&#8221; gradient_direction=&#8221;left_to_right&#8221; overlay_strength=&#8221;0.3&#8243; width=&#8221;1\/4&#8243;&#8230;<\/p>\n","protected":false},"author":1,"featured_media":0,"parent":0,"menu_order":0,"comment_status":"open","ping_status":"open","template":"template-home-4.php","meta":{"footnotes":""},"yoast_head":"<!-- This site is optimized with the Yoast SEO plugin v21.6 - https:\/\/yoast.com\/wordpress\/plugins\/seo\/ -->\n<title>Home - Basic - Zoomfoto<\/title>\n<meta name=\"robots\" content=\"index, follow, max-snippet:-1, max-image-preview:large, max-video-preview:-1\" \/>\n<link rel=\"canonical\" href=\"https:\/\/zoomfoto.dk\/wordpress\/\" \/>\n<meta property=\"og:locale\" content=\"da_DK\" \/>\n<meta property=\"og:type\" content=\"article\" \/>\n<meta property=\"og:title\" content=\"Home - Basic - Zoomfoto\" \/>\n<meta property=\"og:description\" content=\"[vc_row type=&#8221;in_container&#8221; full_screen_row_position=&#8221;middle&#8221; column_margin=&#8221;default&#8221; column_direction=&#8221;default&#8221; column_direction_tablet=&#8221;default&#8221; column_direction_phone=&#8221;default&#8221; scene_position=&#8221;center&#8221; top_padding=&#8221;40&#8243; text_color=&#8221;dark&#8221; text_align=&#8221;left&#8221; row_border_radius=&#8221;none&#8221; row_border_radius_applies=&#8221;bg&#8221; overlay_strength=&#8221;0.3&#8243; gradient_direction=&#8221;left_to_right&#8221; shape_divider_position=&#8221;bottom&#8221; bg_image_animation=&#8221;none&#8221;][vc_column column_padding=&#8221;no-extra-padding&#8221; column_padding_tablet=&#8221;inherit&#8221; column_padding_phone=&#8221;inherit&#8221; column_padding_position=&#8221;all&#8221; centered_text=&#8221;true&#8221; background_color_opacity=&#8221;1&#8243; background_hover_color_opacity=&#8221;1&#8243; column_shadow=&#8221;none&#8221; column_border_radius=&#8221;none&#8221; column_link_target=&#8221;_self&#8221; gradient_direction=&#8221;left_to_right&#8221; overlay_strength=&#8221;0.3&#8243; width=&#8221;1\/4&#8243;...\" \/>\n<meta property=\"og:url\" content=\"https:\/\/zoomfoto.dk\/wordpress\/\" \/>\n<meta property=\"og:site_name\" content=\"Zoomfoto\" \/>\n<meta property=\"article:publisher\" content=\"https:\/\/www.facebook.com\/carsten.poulsen.3\" \/>\n<meta property=\"article:modified_time\" content=\"2020-08-22T10:25:49+00:00\" \/>\n<meta property=\"og:image\" content=\"https:\/\/zoomfoto.dk\/wordpress\/wp-content\/uploads\/2018\/08\/ZoomfotoDK-logo-email.png\" \/>\n\t<meta property=\"og:image:width\" content=\"150\" \/>\n\t<meta property=\"og:image:height\" content=\"73\" \/>\n\t<meta property=\"og:image:type\" content=\"image\/png\" \/>\n<meta name=\"twitter:card\" content=\"summary_large_image\" \/>\n<meta name=\"twitter:label1\" content=\"Estimeret l\u00e6setid\" \/>\n\t<meta name=\"twitter:data1\" content=\"3 minutter\" \/>\n<script type=\"application\/ld+json\" class=\"yoast-schema-graph\">{\"@context\":\"https:\/\/schema.org\",\"@graph\":[{\"@type\":\"WebPage\",\"@id\":\"https:\/\/zoomfoto.dk\/wordpress\/\",\"url\":\"https:\/\/zoomfoto.dk\/wordpress\/\",\"name\":\"Home - Basic - Zoomfoto\",\"isPartOf\":{\"@id\":\"https:\/\/zoomfoto.dk\/wordpress\/#website\"},\"datePublished\":\"2013-06-26T22:57:11+00:00\",\"dateModified\":\"2020-08-22T10:25:49+00:00\",\"breadcrumb\":{\"@id\":\"https:\/\/zoomfoto.dk\/wordpress\/#breadcrumb\"},\"inLanguage\":\"da-DK\",\"potentialAction\":[{\"@type\":\"ReadAction\",\"target\":[\"https:\/\/zoomfoto.dk\/wordpress\/\"]}]},{\"@type\":\"BreadcrumbList\",\"@id\":\"https:\/\/zoomfoto.dk\/wordpress\/#breadcrumb\",\"itemListElement\":[{\"@type\":\"ListItem\",\"position\":1,\"name\":\"Hjem\",\"item\":\"https:\/\/zoomfoto.dk\/wordpress\/\"},{\"@type\":\"ListItem\",\"position\":2,\"name\":\"Home &#8211; Basic\"}]},{\"@type\":\"WebSite\",\"@id\":\"https:\/\/zoomfoto.dk\/wordpress\/#website\",\"url\":\"https:\/\/zoomfoto.dk\/wordpress\/\",\"name\":\"Zoomfoto\",\"description\":\"Zoomfoto - Foto og video, Droneopgaver, 3D-print og CNC\",\"potentialAction\":[{\"@type\":\"SearchAction\",\"target\":{\"@type\":\"EntryPoint\",\"urlTemplate\":\"https:\/\/zoomfoto.dk\/wordpress\/?s={search_term_string}\"},\"query-input\":\"required name=search_term_string\"}],\"inLanguage\":\"da-DK\"}]}<\/script>\n<!-- \/ Yoast SEO plugin. -->","yoast_head_json":{"title":"Home - Basic - Zoomfoto","robots":{"index":"index","follow":"follow","max-snippet":"max-snippet:-1","max-image-preview":"max-image-preview:large","max-video-preview":"max-video-preview:-1"},"canonical":"https:\/\/zoomfoto.dk\/wordpress\/","og_locale":"da_DK","og_type":"article","og_title":"Home - Basic - Zoomfoto","og_description":"[vc_row type=&#8221;in_container&#8221; full_screen_row_position=&#8221;middle&#8221; column_margin=&#8221;default&#8221; column_direction=&#8221;default&#8221; column_direction_tablet=&#8221;default&#8221; column_direction_phone=&#8221;default&#8221; scene_position=&#8221;center&#8221; top_padding=&#8221;40&#8243; text_color=&#8221;dark&#8221; text_align=&#8221;left&#8221; row_border_radius=&#8221;none&#8221; row_border_radius_applies=&#8221;bg&#8221; overlay_strength=&#8221;0.3&#8243; gradient_direction=&#8221;left_to_right&#8221; shape_divider_position=&#8221;bottom&#8221; bg_image_animation=&#8221;none&#8221;][vc_column column_padding=&#8221;no-extra-padding&#8221; column_padding_tablet=&#8221;inherit&#8221; column_padding_phone=&#8221;inherit&#8221; column_padding_position=&#8221;all&#8221; centered_text=&#8221;true&#8221; background_color_opacity=&#8221;1&#8243; background_hover_color_opacity=&#8221;1&#8243; column_shadow=&#8221;none&#8221; column_border_radius=&#8221;none&#8221; column_link_target=&#8221;_self&#8221; gradient_direction=&#8221;left_to_right&#8221; overlay_strength=&#8221;0.3&#8243; width=&#8221;1\/4&#8243;...","og_url":"https:\/\/zoomfoto.dk\/wordpress\/","og_site_name":"Zoomfoto","article_publisher":"https:\/\/www.facebook.com\/carsten.poulsen.3","article_modified_time":"2020-08-22T10:25:49+00:00","og_image":[{"width":150,"height":73,"url":"https:\/\/zoomfoto.dk\/wordpress\/wp-content\/uploads\/2018\/08\/ZoomfotoDK-logo-email.png","type":"image\/png"}],"twitter_card":"summary_large_image","twitter_misc":{"Estimeret l\u00e6setid":"3 minutter"},"schema":{"@context":"https:\/\/schema.org","@graph":[{"@type":"WebPage","@id":"https:\/\/zoomfoto.dk\/wordpress\/","url":"https:\/\/zoomfoto.dk\/wordpress\/","name":"Home - Basic - Zoomfoto","isPartOf":{"@id":"https:\/\/zoomfoto.dk\/wordpress\/#website"},"datePublished":"2013-06-26T22:57:11+00:00","dateModified":"2020-08-22T10:25:49+00:00","breadcrumb":{"@id":"https:\/\/zoomfoto.dk\/wordpress\/#breadcrumb"},"inLanguage":"da-DK","potentialAction":[{"@type":"ReadAction","target":["https:\/\/zoomfoto.dk\/wordpress\/"]}]},{"@type":"BreadcrumbList","@id":"https:\/\/zoomfoto.dk\/wordpress\/#breadcrumb","itemListElement":[{"@type":"ListItem","position":1,"name":"Hjem","item":"https:\/\/zoomfoto.dk\/wordpress\/"},{"@type":"ListItem","position":2,"name":"Home &#8211; Basic"}]},{"@type":"WebSite","@id":"https:\/\/zoomfoto.dk\/wordpress\/#website","url":"https:\/\/zoomfoto.dk\/wordpress\/","name":"Zoomfoto","description":"Zoomfoto - Foto og video, Droneopgaver, 3D-print og CNC","potentialAction":[{"@type":"SearchAction","target":{"@type":"EntryPoint","urlTemplate":"https:\/\/zoomfoto.dk\/wordpress\/?s={search_term_string}"},"query-input":"required name=search_term_string"}],"inLanguage":"da-DK"}]}},"_links":{"self":[{"href":"https:\/\/zoomfoto.dk\/wordpress\/index.php\/wp-json\/wp\/v2\/pages\/554"}],"collection":[{"href":"https:\/\/zoomfoto.dk\/wordpress\/index.php\/wp-json\/wp\/v2\/pages"}],"about":[{"href":"https:\/\/zoomfoto.dk\/wordpress\/index.php\/wp-json\/wp\/v2\/types\/page"}],"author":[{"embeddable":true,"href":"https:\/\/zoomfoto.dk\/wordpress\/index.php\/wp-json\/wp\/v2\/users\/1"}],"replies":[{"embeddable":true,"href":"https:\/\/zoomfoto.dk\/wordpress\/index.php\/wp-json\/wp\/v2\/comments?post=554"}],"version-history":[{"count":94,"href":"https:\/\/zoomfoto.dk\/wordpress\/index.php\/wp-json\/wp\/v2\/pages\/554\/revisions"}],"predecessor-version":[{"id":9121,"href":"https:\/\/zoomfoto.dk\/wordpress\/index.php\/wp-json\/wp\/v2\/pages\/554\/revisions\/9121"}],"wp:attachment":[{"href":"https:\/\/zoomfoto.dk\/wordpress\/index.php\/wp-json\/wp\/v2\/media?parent=554"}],"curies":[{"name":"wp","href":"https:\/\/api.w.org\/{rel}","templated":true}]}}